{"id":1339,"date":"2017-10-16T13:54:07","date_gmt":"2017-10-16T13:54:07","guid":{"rendered":"http:\/\/ninzio.com\/amber\/?page_id=1339"},"modified":"2019-11-19T12:15:52","modified_gmt":"2019-11-19T12:15:52","slug":"iletisim","status":"publish","type":"page","link":"https:\/\/www.inpro.com.tr\/en\/iletisim\/","title":{"rendered":"Contact"},"content":{"rendered":"<p>[vc_row][vc_column]\r\n\t<div class=\"ambersix-spacer clearfix\" data-desktop=\"80\" data-mobi=\"60\" data-smobi=\"60\"><\/div>[vc_row_inner column_inner_spacing=&#8221;50&#8243;][vc_column_inner width=&#8221;1\/2&#8243;]<div class=\"ambersix-single-heading clearfix  has-line\" style=\"margin-bottom:23px;\"><span class=\"inner\"><span class=\"line\" style=\"width:4px;height:28px;top:10px;background-color:#e52320;\"><\/span><span class=\"heading clearfix\" style=\"font-weight:600;color:#222222;font-size:38px;line-height:50px;letter-spacing:-0.75px;padding-left:30px;\">\r\n\t\tContact Us\r\n\t<\/span><\/span><\/div>[vc_column_text]<\/p>\n<div style=\"color: #222; font-size: 20px; line-height: 24px;\"><span>You can contact us for information or to share your opinions by filling in the form.<\/span><\/div>\n<p>[\/vc_column_text]\r\n\t<div class=\"ambersix-spacer clearfix\" data-desktop=\"40\" data-mobi=\"30\" data-smobi=\"30\"><\/div>[vc_column_text]Bu formu kullanarak yollanan i\u015f ba\u015fvurular\u0131 ve CV\u2019ler dikkate al\u0131nmayacakt\u0131r.<\/p>\n<p>T\u00fcm alanlar\u0131n doldurulmas\u0131 gereklidir.[\/vc_column_text]\r\n\t<div class=\"ambersix-spacer clearfix\" data-desktop=\"0\" data-mobi=\"20\" data-smobi=\"20\"><\/div>\r\n\t<div class=\"ambersix-spacer clearfix\" data-desktop=\"0\" data-mobi=\"20\" data-smobi=\"20\"><\/div>\r\n\t<div class=\"ambersix-spacer clearfix\" data-desktop=\"0\" data-mobi=\"20\" data-smobi=\"20\"><\/div>\r\n\t<div class=\"ambersix-spacer clearfix\" data-desktop=\"40\" data-mobi=\"20\" data-smobi=\"20\"><\/div>[\/vc_column_inner][vc_column_inner width=&#8221;1\/2&#8243;]<div role=\"form\" class=\"wpcf7\" id=\"wpcf7-f4437-o1\" lang=\"en-US\" dir=\"ltr\">\n<div class=\"screen-reader-response\"><\/div>\n<form action=\"\/en\/wp-json\/wp\/v2\/pages\/1339#wpcf7-f4437-o1\" method=\"post\" class=\"wpcf7-form\" novalidate=\"novalidate\" data-trp-original-action=\"\/en\/wp-json\/wp\/v2\/pages\/1339#wpcf7-f4437-o1\">\n<div style=\"display: none;\">\n<input type=\"hidden\" name=\"_wpcf7\" value=\"4437\" \/>\n<input type=\"hidden\" name=\"_wpcf7_version\" value=\"5.1.4\" \/>\n<input type=\"hidden\" name=\"_wpcf7_locale\" value=\"en_US\" \/>\n<input type=\"hidden\" name=\"_wpcf7_unit_tag\" value=\"wpcf7-f4437-o1\" \/>\n<input type=\"hidden\" name=\"_wpcf7_container_post\" value=\"0\" \/>\n<\/div>\n<div class=\"cf7-style-1 button-center\">\n<div class=\"name-wrap\"><span class=\"wpcf7-form-control-wrap your-name\"><input type=\"text\" name=\"your-name\" value=\"\" size=\"40\" class=\"wpcf7-form-control wpcf7-text wpcf7-validates-as-required\" aria-required=\"true\" aria-invalid=\"false\" placeholder=\"Name and Surname*\" \/><\/span><\/div>\n<div class=\"email-wrap\"><span class=\"wpcf7-form-control-wrap your-email\"><input type=\"email\" name=\"your-email\" value=\"\" size=\"40\" class=\"wpcf7-form-control wpcf7-text wpcf7-email wpcf7-validates-as-required wpcf7-validates-as-email\" aria-required=\"true\" aria-invalid=\"false\" placeholder=\"E-Mail*\" \/><\/span><\/div>\n<div class=\"message-wrap\"><span class=\"wpcf7-form-control-wrap your-message\"><textarea name=\"your-message\" cols=\"40\" rows=\"10\" class=\"wpcf7-form-control wpcf7-textarea\" aria-invalid=\"false\" placeholder=\"Your Message*\"><\/textarea><\/span><\/div>\n<div class=\"submit-wrap\"><span><input type=\"submit\" value=\"Submit\" class=\"wpcf7-form-control wpcf7-submit\" \/><\/span><\/div>\n<\/div>\n<div class=\"wpcf7-response-output wpcf7-display-none\"><\/div><input type=\"hidden\" name=\"trp-form-language\" value=\"en\"\/><\/form><\/div>[\/vc_column_inner][\/vc_row_inner]\r\n\t<div class=\"ambersix-spacer clearfix\" data-desktop=\"30\" data-mobi=\"30\" data-smobi=\"30\"><\/div>[\/vc_column][\/vc_row][vc_row][vc_column width=&#8221;1\/4&#8243;]<div class=\"ambersix-content-box clearfix  wow fadeInUp\" data-padding=\"45px 45px 50px\" data-mobipadding=\"40px 45px 50px\" data-margin=\"-100px 0 0 0\" data-mobimargin=\"\"  data-wow-duration=\"0.75s\" data-wow-delay=\"0s\">\r\n\t\t<div class=\"inner ctb-545006356\" style=\"background-position:right bottom;background-repeat:no-repeat;\"  data-background=\"#e52320\">\r\n\t\t\t<div class=\"ambersix-headings clearfix\" data-font=22 style=\"\"><h2 class=\"heading clearfix\" style=\"color:#ffffff;margin-bottom:8px;font-size:22px;\">\r\n\t\tTezel Sokak\r\n\t<\/h2><p class=\"sub-heading clearfix\" style=\"font-style:normal;color:#ffffff;\">\r\n\t\tNo: 2\/6 A\u015fa\u011f\u0131 Ayranc\u0131 \u00c7ankaya\/Ankara 06540<br \/>\n+90 312 426 80 80\r\n\t<\/p><\/div><div class=\"ambersix-headings clearfix\" data-font=22 style=\"\"><p class=\"sub-heading clearfix\" style=\"font-style:normal;color:#ffffff;\">\r\n\t\tinfo@inpro.com.tr\r\n\t<\/p><\/div>\r\n\t<div class=\"ambersix-spacer clearfix\" data-desktop=\"34\" data-mobi=\"24\" data-smobi=\"24\"><\/div>\r\n\t\t<\/div>\r\n\t<\/div>[\/vc_column][vc_column width=&#8221;3\/4&#8243;][vc_gmaps link=&#8221;#E-8_JTNDaWZyYW1lJTIwc3JjJTNEJTIyaHR0cHMlM0ElMkYlMkZ3d3cuZ29vZ2xlLmNvbSUyRm1hcHMlMkZlbWJlZCUzRnBiJTNEJTIxMW0xOCUyMTFtMTIlMjExbTMlMjExZDMwNjAuNjk0MzY1MzkwMjg2MyUyMTJkMzIuODQ0NDkxOTE2MDA3NDIlMjEzZDM5LjkwMzQ3NDY5NDYxNjY2JTIxMm0zJTIxMWYwJTIxMmYwJTIxM2YwJTIxM20yJTIxMWkxMDI0JTIxMmk3NjglMjE0ZjEzLjElMjEzbTMlMjExbTIlMjExczB4MTRkMzRmNzM3NTc2Y2Q2ZiUyNTNBMHgzOTRlMmQxNTY0YmI0MDkxJTIxMnpTVzV3Y204Z1RjTzhhR1Z1WkdsemJHbHJJQzBnVGNPOHhaOWhkbWx5YkdsciUyMTVlMCUyMTNtMiUyMTFzdHIlMjEyc3RyJTIxNHYxNTcyNDU0MTQwNjIxJTIxNW0yJTIxMXN0ciUyMTJzdHIlMjIlMjB3aWR0aCUzRCUyMjYwMCUyMiUyMGhlaWdodCUzRCUyMjQ1MCUyMiUyMGZyYW1lYm9yZGVyJTNEJTIyMCUyMiUyMHN0eWxlJTNEJTIyYm9yZGVyJTNBMCUzQiUyMiUyMGFsbG93ZnVsbHNjcmVlbiUzRCUyMiUyMiUzRSUzQyUyRmlmcmFtZSUzRQ==&#8221; size=&#8221;&#8221;][\/vc_column][\/vc_row]<\/p>","protected":false},"excerpt":{"rendered":"<p>Vivamus sed tellus in ligula volutpat volutpat. Nulla facilisi. Quisque fermentum vel ipsum sit amet pretium. Suspendisse dui neque, luctus vitae consequat a, scelerisque sed nunc. Vestibulum et nisl lorem. Ut eget nibh nisl. Nullam auctor quam nisi, at interdum mi euismod et. Donec facilisis odio sed magna tincidunt fermentum vel ipsum sit amet pretium.<\/p>","protected":false},"author":1,"featured_media":0,"parent":0,"menu_order":0,"comment_status":"closed","ping_status":"closed","template":"","meta":[],"_links":{"self":[{"href":"https:\/\/www.inpro.com.tr\/en\/wp-json\/wp\/v2\/pages\/1339"}],"collection":[{"href":"https:\/\/www.inpro.com.tr\/en\/wp-json\/wp\/v2\/pages"}],"about":[{"href":"https:\/\/www.inpro.com.tr\/en\/wp-json\/wp\/v2\/types\/page"}],"author":[{"embeddable":true,"href":"https:\/\/www.inpro.com.tr\/en\/wp-json\/wp\/v2\/users\/1"}],"replies":[{"embeddable":true,"href":"https:\/\/www.inpro.com.tr\/en\/wp-json\/wp\/v2\/comments?post=1339"}],"version-history":[{"count":10,"href":"https:\/\/www.inpro.com.tr\/en\/wp-json\/wp\/v2\/pages\/1339\/revisions"}],"predecessor-version":[{"id":12867,"href":"https:\/\/www.inpro.com.tr\/en\/wp-json\/wp\/v2\/pages\/1339\/revisions\/12867"}],"wp:attachment":[{"href":"https:\/\/www.inpro.com.tr\/en\/wp-json\/wp\/v2\/media?parent=1339"}],"curies":[{"name":"wp","href":"https:\/\/api.w.org\/{rel}","templated":true}]}}